{"id":15,"date":"2017-01-25T15:52:30","date_gmt":"2017-01-25T14:52:30","guid":{"rendered":"http:\/\/www.letmathertv.de\/volleyball-wordpress\/?page_id=15"},"modified":"2022-02-15T21:23:05","modified_gmt":"2022-02-15T20:23:05","slug":"seite-1","status":"publish","type":"page","link":"https:\/\/www.letmathertv.de\/volleyball\/seite-1\/","title":{"rendered":"Mannschaften"},"content":{"rendered":"<p>Im Damenbereich haben wir zur Zeit zwei Mannschaften, die Damen 1 spielt in der Landesliga 5 und die 2. Damenmannschaft in der Bezirksliga 17.<\/p>\n<p>Im Herrenbereich gl\u00e4nzen wir mit einer neuen Herrenmannschaft (noch) in der Bezirksliga 13. Der Aufstieg ist aber zum greifen nah.<\/p>\n<p>Im Hobbybereich gibt es zwei Mixed Mannschaften, eine trainiert Montags, die andere Freitags.<\/p>\n<p>F\u00fcr die Jugend bieten wir einige Trainingsm\u00f6glichkeiten f\u00fcr alle Altersklassen von 9 bis 18 Jahren.<br \/>\nIn der folgenden Monaten wird die Jugendmannschaft ausgeweitet und f\u00fcr die n\u00e4chste Saison vorbereitet. Hier wird es sowohl eine U14 Weiblich, als auch eine U18 Weiblich geben. Eine M\u00e4nnliche Jugend befindet sich ebenfalls im Aufbau. Die M\u00e4dchen aus der U18 Mannschaft sind aktuell auf gutem Wege den Klassenerhalt zu sichern und f\u00fcr die N\u00e4chste Saison den n\u00e4chsten Schritt der Aufstellung zu spielen.<\/p>\n","protected":false},"excerpt":{"rendered":"<p>Im Damenbereich haben wir zur Zeit zwei Mannschaften, die Damen 1 spielt in der Landesliga 5 und die 2. Damenmannschaft in der Bezirksliga 17. Im Herrenbereich gl\u00e4nzen wir mit einer neuen Herrenmannschaft (noch) in der Bezirksliga 13. Der Aufstieg ist aber zum greifen nah. Im Hobbybereich gibt es zwei Mixed Mannschaften, eine trainiert Montags, die&#8230;<\/p>\n","protected":false},"author":1,"featured_media":0,"parent":0,"menu_order":0,"comment_status":"closed","ping_status":"closed","template":"","meta":{"footnotes":""},"_links":{"self":[{"href":"https:\/\/www.letmathertv.de\/volleyball\/wp-json\/wp\/v2\/pages\/15"}],"collection":[{"href":"https:\/\/www.letmathertv.de\/volleyball\/wp-json\/wp\/v2\/pages"}],"about":[{"href":"https:\/\/www.letmathertv.de\/volleyball\/wp-json\/wp\/v2\/types\/page"}],"author":[{"embeddable":true,"href":"https:\/\/www.letmathertv.de\/volleyball\/wp-json\/wp\/v2\/users\/1"}],"replies":[{"embeddable":true,"href":"https:\/\/www.letmathertv.de\/volleyball\/wp-json\/wp\/v2\/comments?post=15"}],"version-history":[{"count":10,"href":"https:\/\/www.letmathertv.de\/volleyball\/wp-json\/wp\/v2\/pages\/15\/revisions"}],"predecessor-version":[{"id":706,"href":"https:\/\/www.letmathertv.de\/volleyball\/wp-json\/wp\/v2\/pages\/15\/revisions\/706"}],"wp:attachment":[{"href":"https:\/\/www.letmathertv.de\/volleyball\/wp-json\/wp\/v2\/media?parent=15"}],"curies":[{"name":"wp","href":"https:\/\/api.w.org\/{rel}","templated":true}]}}