{"id":39,"date":"2017-01-26T21:31:27","date_gmt":"2017-01-26T20:31:27","guid":{"rendered":"http:\/\/www.letmathertv.de\/volleyball-wordpress\/?page_id=39"},"modified":"2025-02-02T22:13:14","modified_gmt":"2025-02-02T21:13:14","slug":"hobbys-montag","status":"publish","type":"page","link":"https:\/\/www.letmathertv.de\/volleyball\/seite-1\/hobbys-montag\/","title":{"rendered":"Hobbys &#8211; Montags"},"content":{"rendered":"<p><b>Wer sind wir?<\/b><\/p>\n<p>Aus einigen Mitgliedern der ersten LTV-Volleyballerinnen \u2013 den sogenannten \u201eVolleyball spielenden Turnerinnen\u201c \u2013 bildete sich Ende der 70er Jahre eine Mixed-Hobby-Truppe, deren Zusammensetzung \u00fcber die Jahre durch Zu- und Abg\u00e4nge einem nat\u00fcrlichen Wandel unterlag.<\/p>\n<p><b>Was macht uns aus?<\/b><\/p>\n<p>Nach dem Aufw\u00e4rmen und \u00dcbungen zu den Schlagarten spielen wir pro Abend dann ca. 5 \u2013 6 S\u00e4tze.<\/p>\n<p>In den Pausen sowie nach Trainingsende achten wir sehr darauf, dass der Fl\u00fcssigkeitshaushalt ausgeglichen bleibt. Die Verantwortung f\u00fcr die Getr\u00e4nkebeschaffung wird reihum \u00fcbernommen.<\/p>\n<p>Das durchschnittliche Lebensalter der Teilnehmer liegt bei ca. 50 Jahren, jedoch mit relativ gro\u00dfer Bandbreite (\u00b1 25 Jahre)<\/p>\n<p><b>Wo trainieren wir?<\/b><\/p>\n<p>In der Nordfeldhalle (neu), Im Nordfeld 8, 58642 Iserlohn. Im Sommer baggern wir auf dem Beachplatz (zwischen Waldstadion und Tennisplatz). Bei gutem Wetter erfolgt dazu eine kurzfristige Rundmail.<\/p>\n<p><b>Wann trainieren wir?<\/b><\/p>\n<p>Jeden Montag von 20.00 bis 22.00 Uhr, ausgenommen Feiertage und Sommer- und Weihnachtsferien; Im Sommer starten wir auf dem Beachplatz (auch in den Ferien) bereits ab 19.00 Uhr.<\/p>\n","protected":false},"excerpt":{"rendered":"<p>Wer sind wir? Aus einigen Mitgliedern der ersten LTV-Volleyballerinnen \u2013 den sogenannten \u201eVolleyball spielenden Turnerinnen\u201c \u2013 bildete sich Ende der 70er Jahre eine Mixed-Hobby-Truppe, deren Zusammensetzung \u00fcber die Jahre durch Zu- und Abg\u00e4nge einem nat\u00fcrlichen Wandel unterlag. Was macht uns aus? Nach dem Aufw\u00e4rmen und \u00dcbungen zu den Schlagarten spielen wir pro Abend dann ca&#8230;.<\/p>\n","protected":false},"author":1,"featured_media":0,"parent":15,"menu_order":6,"comment_status":"closed","ping_status":"closed","template":"","meta":{"footnotes":""},"_links":{"self":[{"href":"https:\/\/www.letmathertv.de\/volleyball\/wp-json\/wp\/v2\/pages\/39"}],"collection":[{"href":"https:\/\/www.letmathertv.de\/volleyball\/wp-json\/wp\/v2\/pages"}],"about":[{"href":"https:\/\/www.letmathertv.de\/volleyball\/wp-json\/wp\/v2\/types\/page"}],"author":[{"embeddable":true,"href":"https:\/\/www.letmathertv.de\/volleyball\/wp-json\/wp\/v2\/users\/1"}],"replies":[{"embeddable":true,"href":"https:\/\/www.letmathertv.de\/volleyball\/wp-json\/wp\/v2\/comments?post=39"}],"version-history":[{"count":4,"href":"https:\/\/www.letmathertv.de\/volleyball\/wp-json\/wp\/v2\/pages\/39\/revisions"}],"predecessor-version":[{"id":785,"href":"https:\/\/www.letmathertv.de\/volleyball\/wp-json\/wp\/v2\/pages\/39\/revisions\/785"}],"up":[{"embeddable":true,"href":"https:\/\/www.letmathertv.de\/volleyball\/wp-json\/wp\/v2\/pages\/15"}],"wp:attachment":[{"href":"https:\/\/www.letmathertv.de\/volleyball\/wp-json\/wp\/v2\/media?parent=39"}],"curies":[{"name":"wp","href":"https:\/\/api.w.org\/{rel}","templated":true}]}}