{"id":46,"date":"2017-01-26T21:50:50","date_gmt":"2017-01-26T20:50:50","guid":{"rendered":"http:\/\/www.letmathertv.de\/volleyball-wordpress\/?page_id=46"},"modified":"2025-06-17T09:10:27","modified_gmt":"2025-06-17T07:10:27","slug":"news","status":"publish","type":"page","link":"https:\/\/www.letmathertv.de\/volleyball\/","title":{"rendered":"Ich werde aktualisiert :)"},"content":{"rendered":"\n<p>Liebe Sportfreunde,<br>unsere Webseite ist aktuell ein bischen wie ein Sportplatz nach einem Wolkenbruch:<br>nicht ganz in Bestform, aber wir arbeiten dran! \ud83d\ude42<\/p>\n\n\n\n<p>Wir sind gerade mitten in der <strong>\u00dcberarbeitung unserer Internetseite<\/strong>. Das bedeutet:<br>Inhalte k\u00f6nnen veraltet sein, manche Links f\u00fchren ins Nirvana und das Design erinnert noch eher an die 2000er als an 2025.<\/p>\n\n\n\n<p>Aber keine Sorge: Wir geben Vollgas, damit bald alles in einem neuen Glanz erstrahlt.<\/p>\n\n\n\n<p>Bis dahin bitten wir euch um ein bisschen Verst\u00e4ndnis und vielleicht ein leichtes Schmunzeln, wenn euch noch das alte Mannschaftsfoto von den 2010ern begegnet ;-).<\/p>\n\n\n\n<p>Wenn ihr in der Zwischenzeit wichtige Infos braucht, erreicht ihr uns weiterhin \u00fcber unsere stellvertretende Abteilungsleiterin <strong>Carmen Leto:\u00a0 <a title=\"\" href=\"mailto:ra.leto@gmx.de\" target=\"_blank\" rel=\"noopener\">kasse@letmathertv.de<\/a><\/strong><\/p>\n\n\n\n<p>Bleibt sportlich und neugierig auf das, was kommt.<\/p>\n\n\n\n<p>Eure Volleyball-Abteilung<\/p>\n","protected":false},"excerpt":{"rendered":"<p>Liebe Sportfreunde,unsere Webseite ist aktuell ein bischen wie ein Sportplatz nach einem Wolkenbruch:nicht ganz in Bestform, aber wir arbeiten dran! \ud83d\ude42 Wir sind gerade mitten in der \u00dcberarbeitung unserer Internetseite. Das bedeutet:Inhalte k\u00f6nnen veraltet sein, manche Links f\u00fchren ins Nirvana und das Design erinnert noch eher an die 2000er als an 2025. Aber keine Sorge:&#8230;<\/p>\n","protected":false},"author":1,"featured_media":0,"parent":0,"menu_order":0,"comment_status":"closed","ping_status":"closed","template":"","meta":{"footnotes":""},"_links":{"self":[{"href":"https:\/\/www.letmathertv.de\/volleyball\/wp-json\/wp\/v2\/pages\/46"}],"collection":[{"href":"https:\/\/www.letmathertv.de\/volleyball\/wp-json\/wp\/v2\/pages"}],"about":[{"href":"https:\/\/www.letmathertv.de\/volleyball\/wp-json\/wp\/v2\/types\/page"}],"author":[{"embeddable":true,"href":"https:\/\/www.letmathertv.de\/volleyball\/wp-json\/wp\/v2\/users\/1"}],"replies":[{"embeddable":true,"href":"https:\/\/www.letmathertv.de\/volleyball\/wp-json\/wp\/v2\/comments?post=46"}],"version-history":[{"count":42,"href":"https:\/\/www.letmathertv.de\/volleyball\/wp-json\/wp\/v2\/pages\/46\/revisions"}],"predecessor-version":[{"id":819,"href":"https:\/\/www.letmathertv.de\/volleyball\/wp-json\/wp\/v2\/pages\/46\/revisions\/819"}],"wp:attachment":[{"href":"https:\/\/www.letmathertv.de\/volleyball\/wp-json\/wp\/v2\/media?parent=46"}],"curies":[{"name":"wp","href":"https:\/\/api.w.org\/{rel}","templated":true}]}}