{"id":50,"date":"2017-01-26T21:52:19","date_gmt":"2017-01-26T20:52:19","guid":{"rendered":"http:\/\/www.letmathertv.de\/volleyball-wordpress\/?page_id=50"},"modified":"2019-03-25T21:29:10","modified_gmt":"2019-03-25T20:29:10","slug":"aufnahmeformular","status":"publish","type":"page","link":"https:\/\/www.letmathertv.de\/volleyball\/kontakt\/aufnahmeformular\/","title":{"rendered":"Mitglied werden"},"content":{"rendered":"<p><strong>Wir freuen uns, dass Du dich dazu entschieden hast LTV-Mitglied zu werden!<\/strong><\/p>\n<p>Bitte f\u00fclle die folgende Beitrittserkl\u00e4rung aus und reiche ihn bei Deinem Trainer ein.<\/p>\n<p><a href=\"http:\/\/www.letmathertv.de\/volleyball\/wp-content\/uploads\/2019\/03\/LTV-Beitrittserkl\u00e4rung-Verein-16.03.2019-1.pdf\">LTV &#8211; Beitrittserkl\u00e4rung Verein <\/a><\/p>\n<p><a href=\"http:\/\/www.letmathertv.de\/volleyball\/wp-content\/uploads\/2019\/03\/Informationsbrosch\u00fcre-LTV-kurz-16.03.2019.pdf\">LTV &#8211; Informationsbrosch\u00fcre <\/a><\/p>\n<p>Herzlich Willkommen und viel Spa\u00df beim LTV \ud83d\ude42<\/p>\n","protected":false},"excerpt":{"rendered":"<p>Wir freuen uns, dass Du dich dazu entschieden hast LTV-Mitglied zu werden! Bitte f\u00fclle die folgende Beitrittserkl\u00e4rung aus und reiche ihn bei Deinem Trainer ein. LTV &#8211; Beitrittserkl\u00e4rung Verein LTV &#8211; Informationsbrosch\u00fcre Herzlich Willkommen und viel Spa\u00df beim LTV \ud83d\ude42<\/p>\n","protected":false},"author":1,"featured_media":0,"parent":48,"menu_order":1,"comment_status":"closed","ping_status":"closed","template":"","meta":{"footnotes":""},"_links":{"self":[{"href":"https:\/\/www.letmathertv.de\/volleyball\/wp-json\/wp\/v2\/pages\/50"}],"collection":[{"href":"https:\/\/www.letmathertv.de\/volleyball\/wp-json\/wp\/v2\/pages"}],"about":[{"href":"https:\/\/www.letmathertv.de\/volleyball\/wp-json\/wp\/v2\/types\/page"}],"author":[{"embeddable":true,"href":"https:\/\/www.letmathertv.de\/volleyball\/wp-json\/wp\/v2\/users\/1"}],"replies":[{"embeddable":true,"href":"https:\/\/www.letmathertv.de\/volleyball\/wp-json\/wp\/v2\/comments?post=50"}],"version-history":[{"count":9,"href":"https:\/\/www.letmathertv.de\/volleyball\/wp-json\/wp\/v2\/pages\/50\/revisions"}],"predecessor-version":[{"id":444,"href":"https:\/\/www.letmathertv.de\/volleyball\/wp-json\/wp\/v2\/pages\/50\/revisions\/444"}],"up":[{"embeddable":true,"href":"https:\/\/www.letmathertv.de\/volleyball\/wp-json\/wp\/v2\/pages\/48"}],"wp:attachment":[{"href":"https:\/\/www.letmathertv.de\/volleyball\/wp-json\/wp\/v2\/media?parent=50"}],"curies":[{"name":"wp","href":"https:\/\/api.w.org\/{rel}","templated":true}]}}