{"id":554,"date":"2020-09-01T21:39:31","date_gmt":"2020-09-01T19:39:31","guid":{"rendered":"http:\/\/www.letmathertv.de\/volleyball\/?page_id=554"},"modified":"2025-02-02T22:30:38","modified_gmt":"2025-02-02T21:30:38","slug":"herren","status":"publish","type":"page","link":"https:\/\/www.letmathertv.de\/volleyball\/seite-1\/herren\/","title":{"rendered":"I. Herren"},"content":{"rendered":"<p><a href=\"http:\/\/www.letmathertv.de\/volleyball\/wp-content\/uploads\/2020\/09\/Herren-Mannschaftsfoto-4MP.jpg\"><img loading=\"lazy\" decoding=\"async\" class=\"alignnone size-full wp-image-556\" src=\"http:\/\/www.letmathertv.de\/volleyball\/wp-content\/uploads\/2020\/09\/Herren-Mannschaftsfoto-4MP.jpg\" alt=\"\" width=\"2449\" height=\"1633\" srcset=\"https:\/\/www.letmathertv.de\/volleyball\/wp-content\/uploads\/2020\/09\/Herren-Mannschaftsfoto-4MP.jpg 2449w, https:\/\/www.letmathertv.de\/volleyball\/wp-content\/uploads\/2020\/09\/Herren-Mannschaftsfoto-4MP-300x200.jpg 300w, https:\/\/www.letmathertv.de\/volleyball\/wp-content\/uploads\/2020\/09\/Herren-Mannschaftsfoto-4MP-768x512.jpg 768w, https:\/\/www.letmathertv.de\/volleyball\/wp-content\/uploads\/2020\/09\/Herren-Mannschaftsfoto-4MP-1024x683.jpg 1024w, https:\/\/www.letmathertv.de\/volleyball\/wp-content\/uploads\/2020\/09\/Herren-Mannschaftsfoto-4MP-150x100.jpg 150w\" sizes=\"(max-width: 2449px) 100vw, 2449px\" \/><\/a><\/p>\n<p>Die neue Herrenmannschaft des Letmather TV stellt sich vor.<\/p>\n<p>Anfang des Jahres 2020 bot sich f\u00fcr den Letmather TV eine seit zwei Jahrzehnten undenkbare M\u00f6glichkeit: Eine neue Herren Volleyballmannschaft konnte gegr\u00fcndet und f\u00fcr den offiziellen Ligabetrieb angemeldet werden. Nachdem anf\u00e4nglich einige wenige Sportler den Kern des Teams bildeten, stieg die Anzahl der Spieler auf unglaubliche 15 Volleyballer an.<\/p>\n<p>Das Ziel f\u00fcr die Bezirksligasaison 21\/22 wurde bereits beim ersten Mannschaftsabend im Februar 2021 gesteckt: Der Aufstieg in die Landesliga! Doch leider hat den Herren Corona einen Strich durch die Rechnung gemacht und das absolut realistische Ziel in die Ferne katapultiert. Sie lagen auf Platz 1 als die Saison abgebrochen wurde. Jedoch lie\u00dfen die Herren sich nicht unterkriegen und starteten mit gleichem Elan und noch mehr Willensst\u00e4rke in diese Saison.\u00a0\u00a0Mit Blick auf die vorhandenen St\u00e4rken, die reaktivierten Erfahrungen und den Ehrgeiz der Spieler ist ein Aufstieg in dieser Saison auch weiterhin absolut realistisch.<\/p>\n<p>Die Herren bringen durchaus unterschiedliches Potenzial mit sich: Ein Teil des Teams m\u00f6chte nach Erfahrungen in der Regionalliga aus dem letzten Jahr etwas auf die Bremse dr\u00fccken und die Vorteile des Mannschaftssports ungezwungen genie\u00dfen. Andere Spieler entstammen aus der Hobbytruppe des LTV und freuen sich auf die neue Herausforderung in der Bezirksliga. Allerdings gibt es auch Sportler, die Volleyball komplett neu erlernen und jene, die ihre aktive Spielerkarriere wieder aufnehmen. Erg\u00e4nzt wird die Mannschaft von Sportlern, die aus Hagen nach Letmathe wechseln.<\/p>\n<p>Trotz der unterschiedlichen Erfahrungen und Qualit\u00e4ten stimmt das Sympathielevel in der Mannschaft von Anfang an. Nach dem Training sitzen die Spieler gerne bei einem hopfenhaltigen Getr\u00e4nk zusammen. Ansonsten treffen sich viele der Mannschaftsmitglieder an weiteren Tagen, sei es zum Beachen oder zum gemeinsamen Grillen. Neben den sportlichen Ambitionen stehen f\u00fcr die Mannschaft der Spa\u00df und die Geselligkeit bei anderen Teamaktionen an oberster Stelle.<\/p>\n<p>Der Trainer der 1. Damenmannschaft Raphael Wilczek wird die Letmather Herren in Kooperation mit Jan Rabe sowohl neben, als auch auf dem Spielfeld unterst\u00fctzen. Die weiteren Mitstreiter der Mannschaft nach Positionen sind:<\/p>\n<p><strong>Zuspiel: Raphael Wilczek, Kiyan Esfandiyari, Stefan Hassel.<\/strong><br \/>\n<strong> Diagonalangreifer: Jan Rabe, Nick Beham.<\/strong><br \/>\n<strong> Mittelblock: Leon de Lange, Yannick Jurczyk, Thomas Fingerhut.<\/strong><br \/>\n<strong> Au\u00dfen\/Annahme: Marcel K\u00f6nig, Sebastian Geck, Till Hundshagen, Maciek Drozdzowski.<\/strong><br \/>\n<strong> Libero: Christoph Klimm.<\/strong><\/p>\n","protected":false},"excerpt":{"rendered":"<p>Die neue Herrenmannschaft des Letmather TV stellt sich vor. Anfang des Jahres 2020 bot sich f\u00fcr den Letmather TV eine seit zwei Jahrzehnten undenkbare M\u00f6glichkeit: Eine neue Herren Volleyballmannschaft konnte gegr\u00fcndet und f\u00fcr den offiziellen Ligabetrieb angemeldet werden. Nachdem anf\u00e4nglich einige wenige Sportler den Kern des Teams bildeten, stieg die Anzahl der Spieler auf unglaubliche&#8230;<\/p>\n","protected":false},"author":1,"featured_media":0,"parent":15,"menu_order":0,"comment_status":"closed","ping_status":"closed","template":"","meta":{"footnotes":""},"_links":{"self":[{"href":"https:\/\/www.letmathertv.de\/volleyball\/wp-json\/wp\/v2\/pages\/554"}],"collection":[{"href":"https:\/\/www.letmathertv.de\/volleyball\/wp-json\/wp\/v2\/pages"}],"about":[{"href":"https:\/\/www.letmathertv.de\/volleyball\/wp-json\/wp\/v2\/types\/page"}],"author":[{"embeddable":true,"href":"https:\/\/www.letmathertv.de\/volleyball\/wp-json\/wp\/v2\/users\/1"}],"replies":[{"embeddable":true,"href":"https:\/\/www.letmathertv.de\/volleyball\/wp-json\/wp\/v2\/comments?post=554"}],"version-history":[{"count":10,"href":"https:\/\/www.letmathertv.de\/volleyball\/wp-json\/wp\/v2\/pages\/554\/revisions"}],"predecessor-version":[{"id":797,"href":"https:\/\/www.letmathertv.de\/volleyball\/wp-json\/wp\/v2\/pages\/554\/revisions\/797"}],"up":[{"embeddable":true,"href":"https:\/\/www.letmathertv.de\/volleyball\/wp-json\/wp\/v2\/pages\/15"}],"wp:attachment":[{"href":"https:\/\/www.letmathertv.de\/volleyball\/wp-json\/wp\/v2\/media?parent=554"}],"curies":[{"name":"wp","href":"https:\/\/api.w.org\/{rel}","templated":true}]}}