{"id":562,"date":"2020-09-01T23:58:54","date_gmt":"2020-09-01T21:58:54","guid":{"rendered":"http:\/\/www.letmathertv.de\/volleyball\/?page_id=562"},"modified":"2020-10-02T22:23:14","modified_gmt":"2020-10-02T20:23:14","slug":"das-team","status":"publish","type":"page","link":"https:\/\/www.letmathertv.de\/volleyball\/seite-1\/herren\/das-team\/","title":{"rendered":"Das Team"},"content":{"rendered":"<h1><strong>Zuspiel<\/strong><\/h1>\n<p>&nbsp;<\/p>\n<h2><strong>Stefan Hassel<\/strong><\/h2>\n<p>&nbsp;<\/p>\n<p><a href=\"http:\/\/www.letmathertv.de\/volleyball\/wp-content\/uploads\/2020\/09\/Stefan.jpeg\"><img loading=\"lazy\" decoding=\"async\" class=\"alignnone wp-image-634\" src=\"http:\/\/www.letmathertv.de\/volleyball\/wp-content\/uploads\/2020\/09\/Stefan.jpeg\" alt=\"\" width=\"300\" height=\"449\" srcset=\"https:\/\/www.letmathertv.de\/volleyball\/wp-content\/uploads\/2020\/09\/Stefan.jpeg 3438w, https:\/\/www.letmathertv.de\/volleyball\/wp-content\/uploads\/2020\/09\/Stefan-200x300.jpeg 200w, https:\/\/www.letmathertv.de\/volleyball\/wp-content\/uploads\/2020\/09\/Stefan-768x1152.jpeg 768w, https:\/\/www.letmathertv.de\/volleyball\/wp-content\/uploads\/2020\/09\/Stefan-683x1024.jpeg 683w, https:\/\/www.letmathertv.de\/volleyball\/wp-content\/uploads\/2020\/09\/Stefan-100x150.jpeg 100w\" sizes=\"(max-width: 300px) 100vw, 300px\" \/><\/a><\/p>\n<p><strong>Geburtstag:<\/strong>\u00a024.05.1986<\/p>\n<p><strong>Gr\u00f6\u00dfe:<\/strong> 1,87 m<\/p>\n<p><strong>Position:<\/strong>\u00a0Zuspiel<\/p>\n<p><strong>Beim LTV seit:<\/strong>\u00a02019<\/p>\n<p><strong>Ziele f\u00fcr die kommende Saison:<\/strong>\u00a0Spa\u00df, Bier und Aufstieg<\/p>\n<p><strong>Fr\u00fchere Vereine:<\/strong>\u00a0VC BUER und Gelsenkirchen Devils<\/p>\n<blockquote><p><strong>Lebensmotto:<\/strong> Das ist nicht m\u00f6glich? Ich sage, das ist \u00fcblich!<\/p><\/blockquote>\n<p><strong>Wenn du nicht mit dem Volleyball angefangen h\u00e4ttest, welcher Sportart w\u00fcrdest du heute wahrscheinlich nachgehen?<\/strong><\/p>\n<p>Jeder mit B\u00e4llen au\u00dfer Fu\u00dfball<\/p>\n<p>&nbsp;<\/p>\n<h2><strong>Raphael Wilczek<\/strong><\/h2>\n<p>&nbsp;<\/p>\n<p><a href=\"http:\/\/www.letmathertv.de\/volleyball\/wp-content\/uploads\/2020\/10\/Raphi.jpeg\"><img loading=\"lazy\" decoding=\"async\" class=\"alignnone wp-image-639\" src=\"http:\/\/www.letmathertv.de\/volleyball\/wp-content\/uploads\/2020\/10\/Raphi.jpeg\" alt=\"\" width=\"301\" height=\"452\" srcset=\"https:\/\/www.letmathertv.de\/volleyball\/wp-content\/uploads\/2020\/10\/Raphi.jpeg 3438w, https:\/\/www.letmathertv.de\/volleyball\/wp-content\/uploads\/2020\/10\/Raphi-200x300.jpeg 200w, https:\/\/www.letmathertv.de\/volleyball\/wp-content\/uploads\/2020\/10\/Raphi-768x1152.jpeg 768w, https:\/\/www.letmathertv.de\/volleyball\/wp-content\/uploads\/2020\/10\/Raphi-683x1024.jpeg 683w, https:\/\/www.letmathertv.de\/volleyball\/wp-content\/uploads\/2020\/10\/Raphi-100x150.jpeg 100w\" sizes=\"(max-width: 301px) 100vw, 301px\" \/><\/a><\/p>\n<p><strong>Geburtstag:<\/strong>\u00a014.02.1982<\/p>\n<p><strong>Gr\u00f6\u00dfe:<\/strong> 1,70 m<\/p>\n<p><strong>Position:<\/strong>\u00a0Zuspiel und Trainer<\/p>\n<p><strong>Beim LTV seit:<\/strong>\u00a02016<\/p>\n<p><strong>Ziele f\u00fcr die kommende Saison:<\/strong>\u00a0Mit der Mannschaft spielen und Spa\u00df haben<\/p>\n<p><strong>Fr\u00fchere Vereine:<\/strong><\/p>\n<ul>\n<li>SG Boerlerheide (95-00), TuS Hohenlimburg Oege (00-02), TuS Halden<br \/>\nHerbeck (02-03), TSV Fichte Hagen (03-06), TuS Halden Herbeck (06-07),<br \/>\nTuS Iserlohn (07-09), SC Concordia Hagen (09-14)<\/li>\n<\/ul>\n<blockquote><p><strong>Lebensmotto:<\/strong> Wer sich entschieden hat, etwas zu tun, und an nichts anderes denkt,<br \/>\n\u00fcberwindet alle Hindernisse. (Giacomo Girolamo Casanova)<\/p><\/blockquote>\n<p><strong>Wenn du nicht mit dem Volleyball angefangen h\u00e4ttest, welcher Sportart w\u00fcrdest du heute wahrscheinlich nachgehen?<\/strong><\/p>\n<p>Das kann ich nicht beantworten, aber bestimmt mit der gleichen Begeisterung und Leidenschaft wie<br \/>\nzum\/ beim Volleyball.<\/p>\n<p>&nbsp;<\/p>\n<h2><strong>Kiyan Esfandiyari<\/strong><\/h2>\n<p>&nbsp;<\/p>\n<p><a href=\"http:\/\/www.letmathertv.de\/volleyball\/wp-content\/uploads\/2020\/10\/Kiyan.jpeg\"><img loading=\"lazy\" decoding=\"async\" class=\"alignnone wp-image-640\" src=\"http:\/\/www.letmathertv.de\/volleyball\/wp-content\/uploads\/2020\/10\/Kiyan.jpeg\" alt=\"\" width=\"300\" height=\"450\" srcset=\"https:\/\/www.letmathertv.de\/volleyball\/wp-content\/uploads\/2020\/10\/Kiyan.jpeg 3438w, https:\/\/www.letmathertv.de\/volleyball\/wp-content\/uploads\/2020\/10\/Kiyan-200x300.jpeg 200w, https:\/\/www.letmathertv.de\/volleyball\/wp-content\/uploads\/2020\/10\/Kiyan-768x1152.jpeg 768w, https:\/\/www.letmathertv.de\/volleyball\/wp-content\/uploads\/2020\/10\/Kiyan-683x1024.jpeg 683w, https:\/\/www.letmathertv.de\/volleyball\/wp-content\/uploads\/2020\/10\/Kiyan-100x150.jpeg 100w\" sizes=\"(max-width: 300px) 100vw, 300px\" \/><\/a><\/p>\n<p><strong>Geburtstag:<\/strong>\u00a023.09.1997<\/p>\n<p><strong>Gr\u00f6\u00dfe:<\/strong> 1,82 m<\/p>\n<p><strong>Position:<\/strong>\u00a0Zuspiel<\/p>\n<p><strong>Beim LTV seit:<\/strong>\u00a02020<\/p>\n<p><strong>Ziele f\u00fcr die kommende Saison:<\/strong>\u00a0Mit der Mannschaft spielen und Spa\u00df haben<\/p>\n<p><strong>Fr\u00fchere Vereine:<\/strong> TuS Iserlohn und TV Eiche Gr\u00fcne<\/p>\n<blockquote><p><strong>Lebensmotto:<\/strong>\u00a0Einfach kein Stress<\/p><\/blockquote>\n<p><strong>Wenn du nicht mit dem Volleyball angefangen h\u00e4ttest, welcher Sportart w\u00fcrdest du heute wahrscheinlich nachgehen?<\/strong><\/p>\n<p>Badminton und\/oder Tischtennis<\/p>\n<p>&nbsp;<\/p>\n<h1><strong>Mittelblock<\/strong><\/h1>\n<p>&nbsp;<\/p>\n<h2><strong>Christoph Claas<\/strong><\/h2>\n<p>&nbsp;<\/p>\n<p><a href=\"http:\/\/www.letmathertv.de\/volleyball\/wp-content\/uploads\/2020\/10\/Christoph-C.jpeg\"><img loading=\"lazy\" decoding=\"async\" class=\"alignnone wp-image-641\" src=\"http:\/\/www.letmathertv.de\/volleyball\/wp-content\/uploads\/2020\/10\/Christoph-C.jpeg\" alt=\"\" width=\"301\" height=\"452\" srcset=\"https:\/\/www.letmathertv.de\/volleyball\/wp-content\/uploads\/2020\/10\/Christoph-C.jpeg 3438w, https:\/\/www.letmathertv.de\/volleyball\/wp-content\/uploads\/2020\/10\/Christoph-C-200x300.jpeg 200w, https:\/\/www.letmathertv.de\/volleyball\/wp-content\/uploads\/2020\/10\/Christoph-C-768x1152.jpeg 768w, https:\/\/www.letmathertv.de\/volleyball\/wp-content\/uploads\/2020\/10\/Christoph-C-683x1024.jpeg 683w, https:\/\/www.letmathertv.de\/volleyball\/wp-content\/uploads\/2020\/10\/Christoph-C-100x150.jpeg 100w\" sizes=\"(max-width: 301px) 100vw, 301px\" \/><\/a><\/p>\n<p><strong>Geburtstag:<\/strong>\u00a010.11.1965<\/p>\n<p><strong>Gr\u00f6\u00dfe:<\/strong> 1,91 m<\/p>\n<p><strong>Position:<\/strong>\u00a0Mittelblock<\/p>\n<p><strong>Beim LTV seit:<\/strong> 1986<\/p>\n<p><strong>Ziele f\u00fcr die kommende Saison:<\/strong> 120% Leistung und Aufstieg<\/p>\n<p><strong>Fr\u00fchere Vereine:<\/strong> Keine \ud83d\ude42<\/p>\n<blockquote><p><strong>Lebensmotto:<\/strong> Gib jedem Tag die Chance, der sch\u00f6nste zu werden<\/p><\/blockquote>\n<p><strong>Wenn du nicht mit dem Volleyball angefangen h\u00e4ttest, welcher Sportart w\u00fcrdest du heute wahrscheinlich nachgehen?<\/strong><\/p>\n<p>Basketball<\/p>\n<p>&nbsp;<\/p>\n<h2><strong>Leon de Lange<\/strong><\/h2>\n<p>&nbsp;<\/p>\n<p><a href=\"http:\/\/www.letmathertv.de\/volleyball\/wp-content\/uploads\/2020\/10\/Leon.jpeg\"><img loading=\"lazy\" decoding=\"async\" class=\"alignnone wp-image-642\" src=\"http:\/\/www.letmathertv.de\/volleyball\/wp-content\/uploads\/2020\/10\/Leon.jpeg\" alt=\"\" width=\"301\" height=\"452\" srcset=\"https:\/\/www.letmathertv.de\/volleyball\/wp-content\/uploads\/2020\/10\/Leon.jpeg 3438w, https:\/\/www.letmathertv.de\/volleyball\/wp-content\/uploads\/2020\/10\/Leon-200x300.jpeg 200w, https:\/\/www.letmathertv.de\/volleyball\/wp-content\/uploads\/2020\/10\/Leon-768x1152.jpeg 768w, https:\/\/www.letmathertv.de\/volleyball\/wp-content\/uploads\/2020\/10\/Leon-683x1024.jpeg 683w, https:\/\/www.letmathertv.de\/volleyball\/wp-content\/uploads\/2020\/10\/Leon-100x150.jpeg 100w\" sizes=\"(max-width: 301px) 100vw, 301px\" \/><\/a><\/p>\n<p><strong>Geburtstag:<\/strong>\u00a029.05.1999<\/p>\n<p><strong>Gr\u00f6\u00dfe:<\/strong> 1,96 m<\/p>\n<p><strong>Position:<\/strong>\u00a0Mittelblock<\/p>\n<p><strong>Beim LTV seit:<\/strong>\u00a02020<\/p>\n<p><strong>Ziele f\u00fcr die kommende Saison:<\/strong>\u00a0Eine geile Saison mit einem geilen Team, die mir viel Erfahrung bringt und hoffentlich mein K\u00f6nnen verbessert&#8230; und nat\u00fcrlich der Aufstieg!<\/p>\n<p><strong>Fr\u00fchere Vereine:<\/strong> Keine verf\u00fcgbar<\/p>\n<blockquote><p><strong>Lebensmotto:<\/strong> Wenn du alles gibst, kannst du dir nichts vorwerfen. (Dirk Nowitziki)<\/p><\/blockquote>\n<p><strong>Wenn du nicht mit dem Volleyball angefangen h\u00e4ttest, welcher Sportart w\u00fcrdest du heute wahrscheinlich nachgehen?<\/strong><\/p>\n<p>Basketball<\/p>\n<p>&nbsp;<\/p>\n<h2><strong>Yannick Jurczyk<\/strong><\/h2>\n<p>&nbsp;<\/p>\n<p><a href=\"http:\/\/www.letmathertv.de\/volleyball\/wp-content\/uploads\/2020\/10\/Yannick.jpeg\"><img loading=\"lazy\" decoding=\"async\" class=\"alignnone wp-image-643\" src=\"http:\/\/www.letmathertv.de\/volleyball\/wp-content\/uploads\/2020\/10\/Yannick.jpeg\" alt=\"\" width=\"300\" height=\"450\" srcset=\"https:\/\/www.letmathertv.de\/volleyball\/wp-content\/uploads\/2020\/10\/Yannick.jpeg 1365w, https:\/\/www.letmathertv.de\/volleyball\/wp-content\/uploads\/2020\/10\/Yannick-200x300.jpeg 200w, https:\/\/www.letmathertv.de\/volleyball\/wp-content\/uploads\/2020\/10\/Yannick-768x1152.jpeg 768w, https:\/\/www.letmathertv.de\/volleyball\/wp-content\/uploads\/2020\/10\/Yannick-683x1024.jpeg 683w, https:\/\/www.letmathertv.de\/volleyball\/wp-content\/uploads\/2020\/10\/Yannick-100x150.jpeg 100w\" sizes=\"(max-width: 300px) 100vw, 300px\" \/><\/a><\/p>\n<p><strong>Geburtstag:<\/strong>\u00a026.07.1992<\/p>\n<p><strong>Gr\u00f6\u00dfe:<\/strong> 1,86 m<\/p>\n<p><strong>Position:<\/strong>\u00a0Mittelblock<\/p>\n<p><strong>Beim LTV seit:<\/strong>\u00a0Schon ewig, aber beim Volleyball ca. 7 Jahre<\/p>\n<p><strong>Ziele f\u00fcr die kommende Saison:<\/strong> Aufstieg<\/p>\n<p><strong>Fr\u00fchere Vereine:<\/strong> TuS Iserlohn<\/p>\n<blockquote><p><strong>Lebensmotto:<\/strong>\u00a0Keine Hose kein Problem!<\/p><\/blockquote>\n<p><strong>Wenn du nicht mit dem Volleyball angefangen h\u00e4ttest, welcher Sportart w\u00fcrdest du heute wahrscheinlich nachgehen?<\/strong><\/p>\n<p>Handball<\/p>\n<p>&nbsp;<\/p>\n<h1>Au\u00dfen\/Annahme<\/h1>\n<p>&nbsp;<\/p>\n<h2><strong>Sebastian Geck<\/strong><\/h2>\n<p>&nbsp;<\/p>\n<h2><a href=\"http:\/\/www.letmathertv.de\/volleyball\/wp-content\/uploads\/2020\/10\/Sebsatian.jpeg\"><img loading=\"lazy\" decoding=\"async\" class=\"alignnone wp-image-644\" src=\"http:\/\/www.letmathertv.de\/volleyball\/wp-content\/uploads\/2020\/10\/Sebsatian.jpeg\" alt=\"\" width=\"301\" height=\"452\" srcset=\"https:\/\/www.letmathertv.de\/volleyball\/wp-content\/uploads\/2020\/10\/Sebsatian.jpeg 1365w, https:\/\/www.letmathertv.de\/volleyball\/wp-content\/uploads\/2020\/10\/Sebsatian-200x300.jpeg 200w, https:\/\/www.letmathertv.de\/volleyball\/wp-content\/uploads\/2020\/10\/Sebsatian-768x1152.jpeg 768w, https:\/\/www.letmathertv.de\/volleyball\/wp-content\/uploads\/2020\/10\/Sebsatian-683x1024.jpeg 683w, https:\/\/www.letmathertv.de\/volleyball\/wp-content\/uploads\/2020\/10\/Sebsatian-100x150.jpeg 100w\" sizes=\"(max-width: 301px) 100vw, 301px\" \/><\/a><\/h2>\n<p><strong>Geburtstag:<\/strong>\u00a014.02.1979<\/p>\n<p><strong>Gr\u00f6\u00dfe:<\/strong> 1,75 m<\/p>\n<p><strong>Position:<\/strong>\u00a0Au\u00dfen<\/p>\n<p><strong>Beim LTV seit:<\/strong>\u00a02003<\/p>\n<p><strong>Ziele f\u00fcr die kommende Saison:<\/strong>\u00a0den Ball auch mal r\u00fcber bekommen.<\/p>\n<p><strong>Fr\u00fchere Vereine:<\/strong> Keine au\u00dfer Fu\u00dfballvereine<\/p>\n<blockquote><p><strong>Lebensmotto:<\/strong>\u00a0Heb dir die Kraft auf f\u00fcr Sachen die du \u00e4ndern kannst.<\/p><\/blockquote>\n<p><strong>Wenn du nicht mit dem Volleyball angefangen h\u00e4ttest, welcher Sportart w\u00fcrdest du heute wahrscheinlich nachgehen?<\/strong><\/p>\n<p>Fu\u00dfball<\/p>\n<p>&nbsp;<\/p>\n<h2><strong>Till Hundshagen<\/strong><\/h2>\n<p>&nbsp;<\/p>\n<p><a href=\"http:\/\/www.letmathertv.de\/volleyball\/wp-content\/uploads\/2020\/10\/Till.jpeg\"><img loading=\"lazy\" decoding=\"async\" class=\"alignnone wp-image-645\" src=\"http:\/\/www.letmathertv.de\/volleyball\/wp-content\/uploads\/2020\/10\/Till.jpeg\" alt=\"\" width=\"301\" height=\"452\" srcset=\"https:\/\/www.letmathertv.de\/volleyball\/wp-content\/uploads\/2020\/10\/Till.jpeg 3438w, https:\/\/www.letmathertv.de\/volleyball\/wp-content\/uploads\/2020\/10\/Till-200x300.jpeg 200w, https:\/\/www.letmathertv.de\/volleyball\/wp-content\/uploads\/2020\/10\/Till-768x1152.jpeg 768w, https:\/\/www.letmathertv.de\/volleyball\/wp-content\/uploads\/2020\/10\/Till-683x1024.jpeg 683w, https:\/\/www.letmathertv.de\/volleyball\/wp-content\/uploads\/2020\/10\/Till-100x150.jpeg 100w\" sizes=\"(max-width: 301px) 100vw, 301px\" \/><\/a><\/p>\n<p><strong>Geburtstag:<\/strong>\u00a019.03.1994<\/p>\n<p><strong>Gr\u00f6\u00dfe:<\/strong> 1,85 m<\/p>\n<p><strong>Position:<\/strong>\u00a0Au\u00dfen<\/p>\n<p><strong>Beim LTV seit:<\/strong>\u00a02016<\/p>\n<p><strong>Ziele f\u00fcr die kommende Saison:<\/strong>\u00a0Aufstieg<\/p>\n<p><strong>Fr\u00fchere Vereine:<\/strong>\u00a0TV Jahn Hagen<\/p>\n<blockquote><p><strong>Lebensmotto:<\/strong> Was du heute kannst besorgen, das verschiebe stets auf morgen.<\/p><\/blockquote>\n<p><strong>Wenn du nicht mit dem Volleyball angefangen h\u00e4ttest, welcher Sportart w\u00fcrdest du heute wahrscheinlich nachgehen?<\/strong><\/p>\n<p>Fu\u00dfball und Tennis<\/p>\n<p>&nbsp;<\/p>\n<h2><strong>Maciej Drozdzowski<\/strong><\/h2>\n<p>&nbsp;<\/p>\n<p><a href=\"http:\/\/www.letmathertv.de\/volleyball\/wp-content\/uploads\/2020\/10\/Maciek.jpeg\"><img loading=\"lazy\" decoding=\"async\" class=\"alignnone wp-image-646\" src=\"http:\/\/www.letmathertv.de\/volleyball\/wp-content\/uploads\/2020\/10\/Maciek.jpeg\" alt=\"\" width=\"301\" height=\"452\" srcset=\"https:\/\/www.letmathertv.de\/volleyball\/wp-content\/uploads\/2020\/10\/Maciek.jpeg 3438w, https:\/\/www.letmathertv.de\/volleyball\/wp-content\/uploads\/2020\/10\/Maciek-200x300.jpeg 200w, https:\/\/www.letmathertv.de\/volleyball\/wp-content\/uploads\/2020\/10\/Maciek-768x1152.jpeg 768w, https:\/\/www.letmathertv.de\/volleyball\/wp-content\/uploads\/2020\/10\/Maciek-683x1024.jpeg 683w, https:\/\/www.letmathertv.de\/volleyball\/wp-content\/uploads\/2020\/10\/Maciek-100x150.jpeg 100w\" sizes=\"(max-width: 301px) 100vw, 301px\" \/><\/a><\/p>\n<p><strong>Geburtstag:<\/strong>\u00a005.04.1983<\/p>\n<p><strong>Gr\u00f6\u00dfe:<\/strong> 1,75 m<\/p>\n<p><strong>Position:<\/strong>\u00a0Au\u00dfen<\/p>\n<p><strong>Beim LTV seit:<\/strong>\u00a02020<\/p>\n<p><strong>Ziele f\u00fcr die kommende Saison:<\/strong>\u00a0Aufstieg in die Landesliga<\/p>\n<p><strong>Fr\u00fchere Vereine:<\/strong>\u00a0TuS Halden Herbeck<\/p>\n<blockquote><p><strong>Lebensmotto:<\/strong> Lebe jeden Tag als w\u00e4re es dein letzter.<\/p><\/blockquote>\n<p><strong>Wenn du nicht mit dem Volleyball angefangen h\u00e4ttest, welcher Sportart w\u00fcrdest du heute wahrscheinlich nachgehen?<\/strong><\/p>\n<p>Keiner<\/p>\n<p>&nbsp;<\/p>\n<h2><strong>Jannis Erlmann\u00a0<\/strong><\/h2>\n<p>&nbsp;<\/p>\n<p><a href=\"http:\/\/www.letmathertv.de\/volleyball\/wp-content\/uploads\/2020\/10\/Jannis.jpeg\"><img loading=\"lazy\" decoding=\"async\" class=\"alignnone wp-image-647\" src=\"http:\/\/www.letmathertv.de\/volleyball\/wp-content\/uploads\/2020\/10\/Jannis.jpeg\" alt=\"\" width=\"301\" height=\"454\" \/><\/a><\/p>\n<p><strong>Geburtstag:<\/strong>\u00a013.05.1994<\/p>\n<p><strong>Gr\u00f6\u00dfe:<\/strong> 1,79 m<\/p>\n<p><strong>Position:<\/strong>\u00a0Au\u00dfen<\/p>\n<p><strong>Beim LTV seit:<\/strong>\u00a02020<\/p>\n<p><strong>Ziele f\u00fcr die kommende Saison:<\/strong> Aufstieg und mein Spiel verbessern<\/p>\n<p><strong>Fr\u00fchere Vereine:<\/strong>\u00a0Concordia Hagen, TSV Hagen 1860<\/p>\n<blockquote><p><strong>Lebensmotto:<\/strong>\u00a0You don&#8217;t always need a plan. Sometimes you just need to breathe, trust, let go, and see what happens.<\/p>\n<p>Ein intelligenter Mensch ist manchmal dazu gezwungen sich zu betrinken, um zeit mit Narren zu verbringen. (Ernest Hemingway)<\/p><\/blockquote>\n<p><strong>Wenn du nicht mit dem Volleyball angefangen h\u00e4ttest, welcher Sportart w\u00fcrdest du heute wahrscheinlich nachgehen?<\/strong><\/p>\n<p>Wahrscheinlich Basketball, da ich bevor ich mit Volleyball begonnen habe, 15 Jahre lang Basketball gespielt habe.<\/p>\n<p>&nbsp;<\/p>\n<h2><strong>Marcel K\u00f6nig<\/strong><\/h2>\n<p>&nbsp;<\/p>\n<p><a href=\"http:\/\/www.letmathertv.de\/volleyball\/wp-content\/uploads\/2020\/10\/Marcel.jpeg\"><img loading=\"lazy\" decoding=\"async\" class=\"alignnone wp-image-648\" src=\"http:\/\/www.letmathertv.de\/volleyball\/wp-content\/uploads\/2020\/10\/Marcel.jpeg\" alt=\"\" width=\"301\" height=\"452\" srcset=\"https:\/\/www.letmathertv.de\/volleyball\/wp-content\/uploads\/2020\/10\/Marcel.jpeg 3438w, https:\/\/www.letmathertv.de\/volleyball\/wp-content\/uploads\/2020\/10\/Marcel-200x300.jpeg 200w, https:\/\/www.letmathertv.de\/volleyball\/wp-content\/uploads\/2020\/10\/Marcel-768x1152.jpeg 768w, https:\/\/www.letmathertv.de\/volleyball\/wp-content\/uploads\/2020\/10\/Marcel-683x1024.jpeg 683w, https:\/\/www.letmathertv.de\/volleyball\/wp-content\/uploads\/2020\/10\/Marcel-100x150.jpeg 100w\" sizes=\"(max-width: 301px) 100vw, 301px\" \/><\/a><\/p>\n<p><strong>Geburtstag:<\/strong>\u00a022.10.1997<\/p>\n<p><strong>Gr\u00f6\u00dfe:<\/strong> 1,90 m<\/p>\n<p><strong>Position:<\/strong>\u00a0Au\u00dfen<\/p>\n<p><strong>Beim LTV seit:<\/strong>\u00a02020<\/p>\n<p><strong>Ziele f\u00fcr die kommende Saison:<\/strong>\u00a0Aufstieg, einmal Boden-Decke<\/p>\n<p><strong>Fr\u00fchere Vereine:<\/strong>\u00a0TuS Iserlohn, TV H\u00f6rde, TV Eiche Gr\u00fcne<\/p>\n<blockquote><p><strong>Lebensmotto:<\/strong> To err is human; to admit it, superhuman<\/p><\/blockquote>\n<p><strong>Wenn du nicht mit dem Volleyball angefangen h\u00e4ttest, welcher Sportart w\u00fcrdest du heute wahrscheinlich nachgehen?<\/strong><\/p>\n<p>Spikeball, Handball oder Tischtennis<\/p>\n<p>&nbsp;<\/p>\n<h1>Diagonal<\/h1>\n<p>&nbsp;<\/p>\n<h2><strong>Jan Mikael Rabe<\/strong><\/h2>\n<p>&nbsp;<\/p>\n<p><strong>Geburtstag:<\/strong>\u00a020.08.1996<\/p>\n<p><strong>Gr\u00f6\u00dfe:<\/strong> 1,93 m<\/p>\n<p><strong>Position:<\/strong>\u00a0Diagonal<\/p>\n<p><strong>Beim LTV seit:<\/strong>\u00a02020<\/p>\n<p><strong>Ziele f\u00fcr die kommende Saison:<\/strong> Spa\u00df haben und hoffentlich Aufsteigen<\/p>\n<p><strong>Fr\u00fchere Vereine:<\/strong>\u00a0VV Schwerte, TuS Iserlohn<\/p>\n<blockquote><p><strong>Lebensmotto:<\/strong> Wenn ich keine Jogginghose tragen darf bin ich raus!<\/p><\/blockquote>\n<p><strong>Wenn du nicht mit dem Volleyball angefangen h\u00e4ttest, welcher Sportart w\u00fcrdest du heute wahrscheinlich nachgehen?<\/strong><\/p>\n<p>Vermutlich Handball<\/p>\n<p>&nbsp;<\/p>\n<h2>Nick Beham<\/h2>\n<p>&nbsp;<\/p>\n<p><a href=\"http:\/\/www.letmathertv.de\/volleyball\/wp-content\/uploads\/2020\/10\/Nick.jpeg\"><img loading=\"lazy\" decoding=\"async\" class=\"alignnone wp-image-649\" src=\"http:\/\/www.letmathertv.de\/volleyball\/wp-content\/uploads\/2020\/10\/Nick.jpeg\" alt=\"\" width=\"301\" height=\"453\" srcset=\"https:\/\/www.letmathertv.de\/volleyball\/wp-content\/uploads\/2020\/10\/Nick.jpeg 3438w, https:\/\/www.letmathertv.de\/volleyball\/wp-content\/uploads\/2020\/10\/Nick-200x300.jpeg 200w, https:\/\/www.letmathertv.de\/volleyball\/wp-content\/uploads\/2020\/10\/Nick-768x1152.jpeg 768w, https:\/\/www.letmathertv.de\/volleyball\/wp-content\/uploads\/2020\/10\/Nick-100x150.jpeg 100w\" sizes=\"(max-width: 301px) 100vw, 301px\" \/><\/a><\/p>\n<p><strong>Geburtstag:<\/strong>\u00a030.01.1997<\/p>\n<p><strong>Gr\u00f6\u00dfe:<\/strong> 1,83 m<\/p>\n<p><strong>Position:<\/strong>\u00a0Diagonal<\/p>\n<p><strong>Beim LTV seit:<\/strong>\u00a02020<\/p>\n<p><strong>Ziele f\u00fcr die kommende Saison:<\/strong>\u00a0 Aufstieg<\/p>\n<p><strong>Fr\u00fchere Vereine:<\/strong>\u00a0TuS Iserlohn<\/p>\n<blockquote><p><strong>Lebensmotto:<\/strong>\u00a0Find a way, or make one.<\/p><\/blockquote>\n<p><strong>Wenn du nicht mit dem Volleyball angefangen h\u00e4ttest, welcher Sportart w\u00fcrdest du heute wahrscheinlich nachgehen?<\/strong><\/p>\n<p>Wahrscheinlich Fu\u00dfball<\/p>\n<h1>Libero<\/h1>\n<p>&nbsp;<\/p>\n<h2><strong>Christoph Klimm<\/strong><\/h2>\n<p>&nbsp;<\/p>\n<p><a href=\"http:\/\/www.letmathertv.de\/volleyball\/wp-content\/uploads\/2020\/10\/Christoph-K.jpeg\"><img loading=\"lazy\" decoding=\"async\" class=\"alignnone wp-image-650\" src=\"http:\/\/www.letmathertv.de\/volleyball\/wp-content\/uploads\/2020\/10\/Christoph-K.jpeg\" alt=\"\" width=\"301\" height=\"453\" srcset=\"https:\/\/www.letmathertv.de\/volleyball\/wp-content\/uploads\/2020\/10\/Christoph-K.jpeg 3438w, https:\/\/www.letmathertv.de\/volleyball\/wp-content\/uploads\/2020\/10\/Christoph-K-200x300.jpeg 200w, https:\/\/www.letmathertv.de\/volleyball\/wp-content\/uploads\/2020\/10\/Christoph-K-768x1152.jpeg 768w, https:\/\/www.letmathertv.de\/volleyball\/wp-content\/uploads\/2020\/10\/Christoph-K-100x150.jpeg 100w\" sizes=\"(max-width: 301px) 100vw, 301px\" \/><\/a><\/p>\n<p><strong>Geburtstag:<\/strong>\u00a014.06.1991<\/p>\n<p><strong>Gr\u00f6\u00dfe:<\/strong> 1,75 m<\/p>\n<p><strong>Position:<\/strong>\u00a0Libero (Zuspiel)<\/p>\n<p><strong>Beim LTV seit:<\/strong>\u00a02020<\/p>\n<p><strong>Ziele f\u00fcr die kommende Saison:<\/strong>\u00a0 Aufstieg in die Landesliga<\/p>\n<p><strong>Fr\u00fchere Vereine:<\/strong>\u00a0TuS Iserlohn<\/p>\n<blockquote><p><strong>Lebensmotto:<\/strong>\u00a0Wer immer tut was er schon kann, bleibt immer das was er schon ist. (Henry Ford)<\/p><\/blockquote>\n<p><strong>Wenn du nicht mit dem Volleyball angefangen h\u00e4ttest, welcher Sportart w\u00fcrdest du heute wahrscheinlich nachgehen?<\/strong><\/p>\n<p>Tennis<\/p>\n","protected":false},"excerpt":{"rendered":"<p>Zuspiel &nbsp; Stefan Hassel &nbsp; Geburtstag:\u00a024.05.1986 Gr\u00f6\u00dfe: 1,87 m Position:\u00a0Zuspiel Beim LTV seit:\u00a02019 Ziele f\u00fcr die kommende Saison:\u00a0Spa\u00df, Bier und Aufstieg Fr\u00fchere Vereine:\u00a0VC BUER und Gelsenkirchen Devils Lebensmotto: Das ist nicht m\u00f6glich? Ich sage, das ist \u00fcblich! Wenn du nicht mit dem Volleyball angefangen h\u00e4ttest, welcher Sportart w\u00fcrdest du heute wahrscheinlich nachgehen? Jeder mit B\u00e4llen&#8230;<\/p>\n","protected":false},"author":1,"featured_media":0,"parent":554,"menu_order":0,"comment_status":"closed","ping_status":"closed","template":"","meta":{"footnotes":""},"_links":{"self":[{"href":"https:\/\/www.letmathertv.de\/volleyball\/wp-json\/wp\/v2\/pages\/562"}],"collection":[{"href":"https:\/\/www.letmathertv.de\/volleyball\/wp-json\/wp\/v2\/pages"}],"about":[{"href":"https:\/\/www.letmathertv.de\/volleyball\/wp-json\/wp\/v2\/types\/page"}],"author":[{"embeddable":true,"href":"https:\/\/www.letmathertv.de\/volleyball\/wp-json\/wp\/v2\/users\/1"}],"replies":[{"embeddable":true,"href":"https:\/\/www.letmathertv.de\/volleyball\/wp-json\/wp\/v2\/comments?post=562"}],"version-history":[{"count":14,"href":"https:\/\/www.letmathertv.de\/volleyball\/wp-json\/wp\/v2\/pages\/562\/revisions"}],"predecessor-version":[{"id":668,"href":"https:\/\/www.letmathertv.de\/volleyball\/wp-json\/wp\/v2\/pages\/562\/revisions\/668"}],"up":[{"embeddable":true,"href":"https:\/\/www.letmathertv.de\/volleyball\/wp-json\/wp\/v2\/pages\/554"}],"wp:attachment":[{"href":"https:\/\/www.letmathertv.de\/volleyball\/wp-json\/wp\/v2\/media?parent=562"}],"curies":[{"name":"wp","href":"https:\/\/api.w.org\/{rel}","templated":true}]}}