{"id":564,"date":"2020-09-02T00:00:03","date_gmt":"2020-09-01T22:00:03","guid":{"rendered":"http:\/\/www.letmathertv.de\/volleyball\/?page_id=564"},"modified":"2025-02-02T21:40:55","modified_gmt":"2025-02-02T20:40:55","slug":"der-trainer","status":"publish","type":"page","link":"https:\/\/www.letmathertv.de\/volleyball\/seite-1\/herren\/der-trainer\/","title":{"rendered":"Trainer"},"content":{"rendered":"<h2><strong>Raphael Wilczek<\/strong><\/h2>\n<p><a href=\"http:\/\/www.letmathertv.de\/volleyball\/wp-content\/uploads\/2020\/02\/Raphi-.jpg\"><img loading=\"lazy\" decoding=\"async\" class=\"alignnone size-full wp-image-473\" src=\"http:\/\/www.letmathertv.de\/volleyball\/wp-content\/uploads\/2020\/02\/Raphi-.jpg\" alt=\"\" width=\"6016\" height=\"4016\" srcset=\"https:\/\/www.letmathertv.de\/volleyball\/wp-content\/uploads\/2020\/02\/Raphi-.jpg 6016w, https:\/\/www.letmathertv.de\/volleyball\/wp-content\/uploads\/2020\/02\/Raphi--300x200.jpg 300w, https:\/\/www.letmathertv.de\/volleyball\/wp-content\/uploads\/2020\/02\/Raphi--768x513.jpg 768w, https:\/\/www.letmathertv.de\/volleyball\/wp-content\/uploads\/2020\/02\/Raphi--1024x684.jpg 1024w, https:\/\/www.letmathertv.de\/volleyball\/wp-content\/uploads\/2020\/02\/Raphi--150x100.jpg 150w\" sizes=\"(max-width: 6016px) 100vw, 6016px\" \/><\/a><\/p>\n<p><strong>Geburtsdatum:<\/strong> 14.02.1982<\/p>\n<p><strong>Gr\u00f6\u00dfe:<\/strong> nur 170 cm (aber der Gr\u00f6\u00dfte) \ud83d\ude09<\/p>\n<p><strong>Position:<\/strong> Bank \/ Trainer (als Spieler: AA, D, L)<\/p>\n<p><strong>Beim LTV seit:<\/strong>\u00a02016<\/p>\n<p><strong>Ziele f\u00fcr die kommende Saison<\/strong>: das Team und jeden einzelnen besser machen, und das Maximum erreichen was m\u00f6glich ist.<\/p>\n<p><strong>Fr\u00fchere Vereine:<\/strong><\/p>\n<p><strong>Trainer [Kreisliga \u2013 Landesliga]<\/strong><\/p>\n<ul>\n<li>TSV Fichte Hagen (03-08), SC Concordia Hagen (05-10), Letmather TV (16-&#8230;)<\/li>\n<\/ul>\n<p><strong>Spieler [Kreisliga \u2013 Oberliga]<\/strong><\/p>\n<ul>\n<li>SG Boerlerheide (95-00), TuS Hohenlimburg Oege (00-02), TuS Halden<br \/>\nHerbeck (02-03), TSV Fichte Hagen (03-06), TuS Halden Herbeck (06-07),<br \/>\nTuS Iserlohn (07-09), SC Concordia Hagen (09-14)<\/li>\n<\/ul>\n<blockquote><p><strong>Lebensmotto:<\/strong> Wer sich entschieden hat, etwas zu tun, und an nichts anderes denkt,<br \/>\n\u00fcberwindet alle Hindernisse. (Giacomo Girolamo Casanova)<\/p><\/blockquote>\n<p><strong> Wenn du nicht mit dem Volleyball angefangen h\u00e4ttest, welcher Sportart w\u00fcrdest du heute<\/strong><br \/>\n<strong> wahrscheinlich nachgehen?<\/strong><\/p>\n<p>Das kann ich nicht beantworten, aber bestimmt mit der gleichen Begeisterung und Leidenschaft wie<br \/>\nzum\/ beim Volleyball.<\/p>\n<p><strong>Erfolge:<\/strong><\/p>\n<p><strong>Trainer<\/strong><\/p>\n<p>Maiblocksieger Rasen, Aufstieg Bezirksklasse, Nicht Abstieg mit dem LTV (aus der Landesliga)<\/p>\n<p><strong>Spieler<\/strong><br \/>\n<strong>Beachvolleyball:<\/strong><\/p>\n<ul>\n<li>Mehrfacher Hagener Stadtmeister (Duo Herren\/ 4er Mixed)<br \/>\nAuszeichnung als bester Spieler Stadtmeister Schwerte<br \/>\nSonstige Turniersiege Duo, Duo-Mixed, 4er Mixed<br \/>\n(Schwerte, Maiblock, Kettelbach, Beach Circuit Lemmer&#8230;)<\/li>\n<\/ul>\n<p><strong>Rasenvolleyball:<\/strong><\/p>\n<ul>\n<li>Sieger Maiblock, Kettelbach<\/li>\n<\/ul>\n<p><strong>Hallenvolleyball:<\/strong><\/p>\n<ul>\n<li>Kreismeister, 1. Platz K\u00e4secup, 1. Platz Heerener Volley- Cup,<br \/>\nMixedstadtliga Sieger, &#8230;<\/li>\n<\/ul>\n<h2><\/h2>\n<h2><strong>Jan Mikael Rabe<\/strong><\/h2>\n<p><strong>Geburtstag:<\/strong>\u00a020.08.1996<\/p>\n<p><strong>Gr\u00f6\u00dfe:<\/strong> 1,93 m<\/p>\n<p><strong>Position:<\/strong>\u00a0Diagonal<\/p>\n<p><strong>Beim LTV seit:<\/strong>\u00a02020<\/p>\n<p><strong>Ziele f\u00fcr die kommende Saison:<\/strong>\u00a0Spa\u00df haben, Wissen an andere weitergeben und hoffentlich Aufsteigen<\/p>\n<p><strong>Fr\u00fchere Vereine:<\/strong>\u00a0VV Schwerte, TuS Iserlohn<\/p>\n<blockquote><p><strong>Lebensmotto:<\/strong> Wenn ich keine Jogginghose tragen darf bin ich raus!<\/p><\/blockquote>\n<p><strong>Wenn du nicht mit dem Volleyball angefangen h\u00e4ttest, welcher Sportart w\u00fcrdest du heute wahrscheinlich nachgehen?<\/strong><\/p>\n<p>Vermutlich Handball<\/p>\n","protected":false},"excerpt":{"rendered":"<p>Raphael Wilczek Geburtsdatum: 14.02.1982 Gr\u00f6\u00dfe: nur 170 cm (aber der Gr\u00f6\u00dfte) \ud83d\ude09 Position: Bank \/ Trainer (als Spieler: AA, D, L) Beim LTV seit:\u00a02016 Ziele f\u00fcr die kommende Saison: das Team und jeden einzelnen besser machen, und das Maximum erreichen was m\u00f6glich ist. Fr\u00fchere Vereine: Trainer [Kreisliga \u2013 Landesliga] TSV Fichte Hagen (03-08), SC Concordia&#8230;<\/p>\n","protected":false},"author":1,"featured_media":0,"parent":554,"menu_order":1,"comment_status":"closed","ping_status":"closed","template":"","meta":{"footnotes":""},"_links":{"self":[{"href":"https:\/\/www.letmathertv.de\/volleyball\/wp-json\/wp\/v2\/pages\/564"}],"collection":[{"href":"https:\/\/www.letmathertv.de\/volleyball\/wp-json\/wp\/v2\/pages"}],"about":[{"href":"https:\/\/www.letmathertv.de\/volleyball\/wp-json\/wp\/v2\/types\/page"}],"author":[{"embeddable":true,"href":"https:\/\/www.letmathertv.de\/volleyball\/wp-json\/wp\/v2\/users\/1"}],"replies":[{"embeddable":true,"href":"https:\/\/www.letmathertv.de\/volleyball\/wp-json\/wp\/v2\/comments?post=564"}],"version-history":[{"count":6,"href":"https:\/\/www.letmathertv.de\/volleyball\/wp-json\/wp\/v2\/pages\/564\/revisions"}],"predecessor-version":[{"id":772,"href":"https:\/\/www.letmathertv.de\/volleyball\/wp-json\/wp\/v2\/pages\/564\/revisions\/772"}],"up":[{"embeddable":true,"href":"https:\/\/www.letmathertv.de\/volleyball\/wp-json\/wp\/v2\/pages\/554"}],"wp:attachment":[{"href":"https:\/\/www.letmathertv.de\/volleyball\/wp-json\/wp\/v2\/media?parent=564"}],"curies":[{"name":"wp","href":"https:\/\/api.w.org\/{rel}","templated":true}]}}