{"id":68,"date":"2017-01-26T22:14:29","date_gmt":"2017-01-26T21:14:29","guid":{"rendered":"http:\/\/www.letmathertv.de\/volleyball-wordpress\/?page_id=68"},"modified":"2020-02-02T21:43:19","modified_gmt":"2020-02-02T20:43:19","slug":"ueber-uns","status":"publish","type":"page","link":"https:\/\/www.letmathertv.de\/volleyball\/ueber-uns\/","title":{"rendered":"\u00dcber uns"},"content":{"rendered":"<div class=\"subcolumns\">\n<div class=\"c50l\">\n<div class=\"subcl\">\n<div id=\"c14\" class=\"csc-default\">\n<div class=\"csc-header csc-header-n1\">\n<div class=\"csc-header csc-header-n1\">\n<p>Wir stellen uns vor:<\/p>\n<p>&nbsp;<\/p>\n<p>Abteilungsleiter, Sportwart: Christoph Claas<\/p>\n<p>stellv. Abteilungsleiter: Ludger G\u00f6bel<\/p>\n<p>Kassenwart: Christoph Kr\u00e4mer<\/p>\n<p>Jugend: Carmen Leto<\/p>\n<p>Pressearbeit: Tina Gierke<\/p>\n<p>Material- und Schiedsrichter: Ludger G\u00f6bel<\/p>\n<\/div>\n<\/div>\n<div class=\"csc-text\"><\/div>\n<\/div>\n<\/div>\n<\/div>\n<\/div>\n","protected":false},"excerpt":{"rendered":"<p>Wir stellen uns vor: &nbsp; Abteilungsleiter, Sportwart: Christoph Claas stellv. Abteilungsleiter: Ludger G\u00f6bel Kassenwart: Christoph Kr\u00e4mer Jugend: Carmen Leto Pressearbeit: Tina Gierke Material- und Schiedsrichter: Ludger G\u00f6bel<\/p>\n","protected":false},"author":1,"featured_media":0,"parent":0,"menu_order":0,"comment_status":"closed","ping_status":"closed","template":"","meta":{"footnotes":""},"_links":{"self":[{"href":"https:\/\/www.letmathertv.de\/volleyball\/wp-json\/wp\/v2\/pages\/68"}],"collection":[{"href":"https:\/\/www.letmathertv.de\/volleyball\/wp-json\/wp\/v2\/pages"}],"about":[{"href":"https:\/\/www.letmathertv.de\/volleyball\/wp-json\/wp\/v2\/types\/page"}],"author":[{"embeddable":true,"href":"https:\/\/www.letmathertv.de\/volleyball\/wp-json\/wp\/v2\/users\/1"}],"replies":[{"embeddable":true,"href":"https:\/\/www.letmathertv.de\/volleyball\/wp-json\/wp\/v2\/comments?post=68"}],"version-history":[{"count":7,"href":"https:\/\/www.letmathertv.de\/volleyball\/wp-json\/wp\/v2\/pages\/68\/revisions"}],"predecessor-version":[{"id":450,"href":"https:\/\/www.letmathertv.de\/volleyball\/wp-json\/wp\/v2\/pages\/68\/revisions\/450"}],"wp:attachment":[{"href":"https:\/\/www.letmathertv.de\/volleyball\/wp-json\/wp\/v2\/media?parent=68"}],"curies":[{"name":"wp","href":"https:\/\/api.w.org\/{rel}","templated":true}]}}