{"id":70,"date":"2017-01-26T22:14:47","date_gmt":"2017-01-26T21:14:47","guid":{"rendered":"http:\/\/www.letmathertv.de\/volleyball-wordpress\/?page_id=70"},"modified":"2020-02-02T21:30:45","modified_gmt":"2020-02-02T20:30:45","slug":"vorstand","status":"publish","type":"page","link":"https:\/\/www.letmathertv.de\/volleyball\/ueber-uns\/vorstand\/","title":{"rendered":"Vorstand"},"content":{"rendered":"<p>Wir stellen uns vor:<\/p>\n<p>&nbsp;<\/p>\n<p>Abteilungsleiter, Sportwart: Christoph Claas<\/p>\n<p>stellv. Abteilungsleiter: Ludger G\u00f6bel<\/p>\n<p>Kassenwart: Christoph Kr\u00e4mer<\/p>\n<p>Jugend: Carmen Leto<\/p>\n<p>Pressearbeit: Tina Gierke<\/p>\n<p>Material- und Schiedsrichter: Ludger G\u00f6bel<\/p>\n","protected":false},"excerpt":{"rendered":"<p>Wir stellen uns vor: &nbsp; Abteilungsleiter, Sportwart: Christoph Claas stellv. Abteilungsleiter: Ludger G\u00f6bel Kassenwart: Christoph Kr\u00e4mer Jugend: Carmen Leto Pressearbeit: Tina Gierke Material- und Schiedsrichter: Ludger G\u00f6bel<\/p>\n","protected":false},"author":1,"featured_media":0,"parent":68,"menu_order":1,"comment_status":"closed","ping_status":"closed","template":"","meta":{"footnotes":""},"_links":{"self":[{"href":"https:\/\/www.letmathertv.de\/volleyball\/wp-json\/wp\/v2\/pages\/70"}],"collection":[{"href":"https:\/\/www.letmathertv.de\/volleyball\/wp-json\/wp\/v2\/pages"}],"about":[{"href":"https:\/\/www.letmathertv.de\/volleyball\/wp-json\/wp\/v2\/types\/page"}],"author":[{"embeddable":true,"href":"https:\/\/www.letmathertv.de\/volleyball\/wp-json\/wp\/v2\/users\/1"}],"replies":[{"embeddable":true,"href":"https:\/\/www.letmathertv.de\/volleyball\/wp-json\/wp\/v2\/comments?post=70"}],"version-history":[{"count":4,"href":"https:\/\/www.letmathertv.de\/volleyball\/wp-json\/wp\/v2\/pages\/70\/revisions"}],"predecessor-version":[{"id":384,"href":"https:\/\/www.letmathertv.de\/volleyball\/wp-json\/wp\/v2\/pages\/70\/revisions\/384"}],"up":[{"embeddable":true,"href":"https:\/\/www.letmathertv.de\/volleyball\/wp-json\/wp\/v2\/pages\/68"}],"wp:attachment":[{"href":"https:\/\/www.letmathertv.de\/volleyball\/wp-json\/wp\/v2\/media?parent=70"}],"curies":[{"name":"wp","href":"https:\/\/api.w.org\/{rel}","templated":true}]}}